{"id":1292,"date":"2024-03-15T16:32:02","date_gmt":"2024-03-15T15:32:02","guid":{"rendered":"https:\/\/mia-prom.de\/?page_id=1292"},"modified":"2026-03-30T10:33:20","modified_gmt":"2026-03-30T08:33:20","slug":"publikationen","status":"publish","type":"page","link":"https:\/\/mia-prom.de\/?page_id=1292","title":{"rendered":"Publikationen"},"content":{"rendered":"\n<div class=\"wp-duotone-unset-1 wp-block-cover is-light has-custom-content-position is-position-center-left has-small-font-size\" style=\"min-height:381px\"><span aria-hidden=\"true\" class=\"wp-block-cover__background has-background-dim-0 has-background-dim\"><\/span><img decoding=\"async\" loading=\"lazy\" width=\"1140\" height=\"647\" class=\"wp-block-cover__image-background wp-image-1178\" alt=\"\" src=\"https:\/\/mia-prom.de\/wp-content\/uploads\/2024\/02\/Mia-prom_Publikationen_III.png\" style=\"object-position:51% 60%\" data-object-fit=\"cover\" data-object-position=\"51% 60%\" srcset=\"https:\/\/mia-prom.de\/wp-content\/uploads\/2024\/02\/Mia-prom_Publikationen_III.png 1140w, https:\/\/mia-prom.de\/wp-content\/uploads\/2024\/02\/Mia-prom_Publikationen_III-300x170.png 300w, https:\/\/mia-prom.de\/wp-content\/uploads\/2024\/02\/Mia-prom_Publikationen_III-1024x581.png 1024w, https:\/\/mia-prom.de\/wp-content\/uploads\/2024\/02\/Mia-prom_Publikationen_III-768x436.png 768w\" sizes=\"(max-width: 1140px) 100vw, 1140px\" \/><div class=\"wp-block-cover__inner-container\">\n<h2 class=\"has-text-align-center has-large-font-size\" style=\"text-transform:uppercase\">Publikationen<\/h2>\n<\/div><\/div>\n\n\n\n<div class=\"is-layout-flex wp-container-4 wp-block-columns are-vertically-aligned-bottom\">\n<div class=\"is-layout-flow wp-block-column is-vertically-aligned-bottom\" style=\"flex-basis:650px\">\n<p><\/p>\n\n\n\n<h3 class=\"has-text-align-left\">Publikationen<\/h3>\n\n\n\n<hr class=\"wp-block-separator has-alpha-channel-opacity\"\/>\n\n\n\n<p><strong>Conference contribution | 2026<\/strong><br>Hillmann, S., Harnisch, P., Schuhmann, D., Ashrafi, N., &amp; Voigt-Antons, J.-N. (2026). A Modular Multimodal Dialog Architecture for&nbsp; Digital PROM Collection. <em>Conference on Electronic Speech Signal Processing 2026 (ESSV 2026)<\/em>.<\/p>\n\n\n\n<p><strong>Journal article | 2026<\/strong><br>Ashrafi, N., Graf, P., Marquardt, M., Harnisch, P., Hillmann, S., Ploner, N., Compagna, D., Cirit, E., Papst, L., &amp; Voigt-Antons, J.-N. (2026). <a href=\"https:\/\/doi.org\/10.3390\/virtualworlds5010015\">Multimodal Assistance in Rehabilitation: User Experience of Embodied and Non-Embodied Agents for Collecting Patient-Reported Outcome Measures<\/a>. <em>Virtual Worlds<\/em>, <em>5<\/em>(1), 15. <\/p>\n\n\n\n<p><strong>Workshop contribution | 2025<\/strong><br>Philipp Lars Harnisch, Daniel Schuhmann, and Ivana Cosic (2025) &#8220;<a href=\"https:\/\/dl.acm.org\/doi\/10.1145\/3742886.3756699\">Towards Automatic Personalization of Speech Dialog for Enhanced User Experience<\/a>.&#8221; Workshop: Designing Safe and Effective Intelligent Virtual Agents (IVAs) for Health Care: Risks, Benefits, and Best Practices. <em>ACM International Conference on Intelligent Virtual Agents (IVA Adjunct &#8217;25), September 16\u201319, 2025, Berlin, Germany<\/em><\/p>\n\n\n\n<p><strong>Workshop contribution | 2025<\/strong><br>Navid Ashrafi, Julia Schorlemmer, Francesco Vona, Tanja Kojic, Stefan Hillmann, Ali Braytee, Yu-Kai Wang, Baki Kocaballi, Catarina Moreira, Sebastian M\u00f6ller, and Jan-Niklas Voigt-Antons (2025) &#8220;<a href=\"https:\/\/dl.acm.org\/doi\/10.1145\/3742886.3756698\">Emotionally Adaptive Virtual Health Assistants for Enhanced Social Presence and Trust.<\/a>&#8221; Workshop: Designing Safe and Effective Intelligent Virtual Agents (IVAs) for Health Care: Risks, Benefits, and Best Practices. <em>ACM International Conference on Intelligent Virtual Agents (IVA Adjunct &#8217;25), September 16\u201319, 2025, Berlin, Germany<\/em><\/p>\n\n\n\n<p><strong>Workshop contribution | 2025<\/strong><br>Francesco Vona, Merle Kuhlencord, Janosch Fox, Tanja Kojic, Youssef Shiban, and Jan-Niklas Voigt-Antons (2025). &#8220;<a href=\"https:\/\/dl.acm.org\/doi\/10.1145\/3742886.3756697\">Augmented Reality in the Treatment of Stress and Anxiety Disorders: A Literature Synthesis<\/a>&#8220;. Workshop: Designing Safe and Effective Intelligent Virtual Agents (IVAs) for Health Care: Risks, Benefits, and Best Practices. <em>ACM International Conference on Intelligent Virtual Agents (IVA Adjunct &#8217;25), September 16\u201319, 2025, Berlin, Germany<\/em><\/p>\n\n\n\n<p><strong>Workshop contribution | 2025<\/strong><br>Graf, P. &amp; Marquardt, M. (2025): &#8220;<a href=\"https:\/\/dl.acm.org\/doi\/10.1145\/3742886.3756696\">Assisting Under Constraints \u2013 Structural Obstacles of Agentic Technology for Health Data Collection<\/a>&#8220;. Workshop: Designing Safe and Effective Intelligent Virtual Agents (IVAs) for Health Care: Risks, Benefits, and Best Practices. <em>ACM International Conference on Intelligent Virtual Agents (IVA Adjunct &#8217;25), September 16\u201319, 2025, Berlin, Germany<\/em><\/p>\n\n\n\n<p><strong>Conference contribution | 2025<\/strong><br>Ashrafi, N., Graf, P., Marquardt, M., Vona, F., Schorlemmer, J., &amp; Voigt-Antons, J.-N. (2025). <a href=\"https:\/\/link.springer.com\/chapter\/10.1007\/978-3-031-93508-4_11\">Avatar Appearance Beyond Pixels-User Ratings and Avatar Preferences Within Health Applications<\/a>. <em>International Conference on Human-Computer Interaction<\/em>, 147\u2013162.<\/p>\n\n\n\n<p><strong>Conference contribution |&nbsp;2025<\/strong><br>Marquardt, M., Ashrafi, N., Balcerek, M., Compagna, D., Graf, P., Harnisch, P., Hillmann, S., K\u00f6llner, V., Lindenberg, R., Papst, L., Therstappen, E., Voigt-Antons, J.-N., Z\u00f6llick, J., &amp; Fischer, F. (2025). Comparing robot, avatar, and voice assistance in PROMIS administration \u2013 A cross-randomized controlled trial. <em>Advances in Patient-Reported Outcomes<\/em>, <em>1<\/em>(3), 100283. <a href=\"https:\/\/doi.org\/10.1016\/j.apro.2025.100283\">https:\/\/doi.org\/10.1016\/j.apro.2025.100283<\/a><\/p>\n\n\n\n<p><strong>Conference contribution |&nbsp;2024<\/strong><br>Harnisch, P. L., Schuhmann, D., &amp; Hillmann, S. (2024, November). <a href=\"https:\/\/link.springer.com\/chapter\/10.1007\/978-3-031-77961-9_28\">A Comparative Study for Contextualized Spoken Answer Classification in German Medical Questionnaires<\/a>. In&nbsp;<em>International Conference on Speech and Computer<\/em>&nbsp;(pp. 377-391). Cham: Springer Nature Switzerland.<\/p>\n\n\n\n<p><strong>Conference contribution | 2024<\/strong><br>Navid Ashrafi, Francesco Vona, Sina Hinzmann, Philipp Graf, Philipp Harnisch, and Jan-Niklas Voigt-Antons. 2024. <a href=\"https:\/\/dl.acm.org\/doi\/10.1145\/3641825.3689700\">Single Vs Dual: Influence of the Number of Displays on User Experience within Virtually Embodied Conversational Systems<\/a>. In Proceedings of the 30th ACM Symposium on Virtual Reality Software and Technology (VRST &#8217;24). Association for Computing Machinery, New York, NY, USA, Article 73, 1\u20132. https:\/\/doi.org\/10.1145\/3641825.3689700<\/p>\n\n\n\n<p><strong>Anthology contribution |<\/strong> <strong>2024<\/strong><br>Maibaum, A., Graf, P., &amp; Tuma, R. (2024). On the Use of Videography in HRI. In I. Muhle, Florian Bock (Ed.), <em>Communicative AI in (Inter-)Action<\/em>. Bielefeld University Press.<\/p>\n\n\n\n<p><strong>Conference contribution | 2024<\/strong><br>N. Ashrafi&nbsp;<em>et al<\/em>., &#8220;<a href=\"https:\/\/ieeexplore.ieee.org\/document\/10765270\">Enhancing Job Interview Preparation Through Immersive Experiences Using Photorealistic, AI-powered Metahuman Avatars<\/a>,&#8221;&nbsp;<em>2024 IEEE International Symposium on Mixed and Augmented Reality Adjunct (ISMAR-Adjunct)<\/em>, Bellevue, WA, USA, 2024, pp. 345-346, doi: 10.1109\/ISMAR-Adjunct64951.2024.00083.<\/p>\n\n\n\n<p><strong>Conference contribution | 2024<\/strong><br><em>Ashrafi, N., Neuhaus, V., Vona, F., Peperkorn, N.L., Shiban, Y., Voigt-Antons, JN. (2024). <\/em>&#8220;<a href=\"https:\/\/link.springer.com\/chapter\/10.1007\/978-3-031-60428-7_1\">Effect of&nbsp;External Characteristics of&nbsp;a&nbsp;Virtual Human Being During the&nbsp;Use of&nbsp;a&nbsp;Computer-Assisted Therapy Tool.<\/a>&#8221; In: Kurosu, M., Hashizume, A. (eds) Human-Computer Interaction. HCII 2024. Lecture Notes in Computer Science, vol 14686. Springer, Cham. https:\/\/doi.org\/10.1007\/978-3-031-60428-7_1<br>(Klick auf Link \u00f6ffnet neues Fenster)<\/p>\n\n\n\n<p><strong>Peer reviewed journal article | 2024<\/strong><br><em>Marquardt, Manuela; Graf, Philipp, Jansen, Eva; Hillmann, Stefan; Voigt-Antons, Jan-Niklas (2024):<\/em> &#8220;<a href=\"https:\/\/www.tatup.de\/index.php\/tatup\/article\/view\/7101\" target=\"_blank\" rel=\"noreferrer noopener\">Situativit\u00e4t, Funktionalit\u00e4t und Vertrauen \u2013 Ergebnisse einer szenariobasierten Interviewstudie zur Erkl\u00e4rbarkeit von KI in der Medizin<\/a>&#8220;, Zeitschrift f\u00fcr Technikfolgenabsch\u00e4tzung in Theorie und Praxis 33\/1 (2024): 41\u201347<\/p>\n\n\n\n<p><strong>Conference contribution | 2024<\/strong><br><em>Harnisch, Philipp L., und Stefan Hillmann. 2024.<\/em> \u201e<a rel=\"noreferrer noopener\" href=\"https:\/\/mia-prom.de\/wp-content\/uploads\/2024\/03\/Harnisch-und-Hillmann-2024-Empirical-Evaluation-of-ASR-and-NLU-in-a-Multimoda.pdf\" target=\"_blank\">Empirical Evaluation of ASR and NLU in a Multimodal Dialogue System for Survey Answering<\/a>\u201c. In 35. Konferenz Elektronische Sprachsignalverarbeitung, S. 211-218. Studientexte Zur Sprachkommunikation. Regensburg, Germany. https:\/\/doi.org\/10.35096\/OTHR\/PUB-7100 <img decoding=\"async\" identifier=\"10.35096\/OTHR\/PUB-7100\" identifiertype=\"1\" title=\"Titel anhand dieser DOI in Citavi-Projekt \u00fcbernehmen\" class=\"citavipicker\" style=\"border: 0px none!important;width: 16px!important;height: 16px!important;margin-left:1px !important;margin-right:1px !important;\" src=\"data:image\/png;base64,iVBORw0KGgoAAAANSUhEUgAAABAAAAAQCAYAAAAf8\/9hAAAAGXRFWHRTb2Z0d2FyZQBBZG9iZSBJbWFnZVJlYWR5ccllPAAAARpJREFUeNpiZEAD1zX4E4BUPBA7oEkdAOKFmjc+LkAWZETSqACk1gOxAb\/lLwZegz8MTJz\/wXL\/vjMyfL7AwvDxOBuIewGIA4EGPYAbANV8nkP2r4Bk\/HcGdpm\/DNjAzyfMDM8XcjL8eMz8Acg1BBnCBJVbD9IsV\/QVp2YQAMmB1IDUQl3LwAT1swHIZpiT8QGQGpBakB6QXpAL4kF+xmczNpeA9ID0ggxwAAUYqQCqx4EJ5ixSAUwP2ABmLtINgBsEIn6\/ZSJZIyhtwAw4AEokpAKongMgAxaCUhgokRALQGqhqXIhEzRtXwClMJizCDkdpBakB6QX5vlAUPJ81MeN1yUgOZAaaFIOJCozgWIIFMh4MxMl2RkgwACxPIMc1tjE2wAAAABJRU5ErkJggg==\">.<br>(Klick auf Link \u00f6ffnet neues Fenster)<\/p>\n\n\n\n<p><strong>Workshop contribution |<\/strong> <strong>2023<\/strong><br><em>Hillmann, Stefan, Navid Ashrafi, Philipp Graf, Philipp L. Harnisch, Eva Jansen, Manuela Marquardt, und Jan-Niklas Voigt-Antons. 2024. <\/em>\u201e<a href=\"https:\/\/mia-prom.de\/wp-content\/uploads\/2024\/03\/Hillmann-et-al.-2024-Multimodal-Interactive-Assistance-for-the-Digital-.pdf\">Multimodal Interactive Assistance for the Digital Collection of Patient-Reported Outcome Measures<\/a>\u201c. In The Digitalization of Healthcare for Older Adults, 6. Berlin. [im Druck]<br>(Klick auf Link \u00f6ffnet neues Fenster)<\/p>\n\n\n\n<p><strong>Conference contribution |<\/strong> <strong>2023<\/strong><br><em>Hillmann, Stefan, und Philipp L. Harnisch. 2024.<\/em> \u201e<a rel=\"noreferrer noopener\" href=\"https:\/\/mia-prom.de\/wp-content\/uploads\/2024\/03\/Hillmann-und-Harnisch-2024-Multimodale-Interaktive-Assistenz-zur-Erhebung-von.pdf\" target=\"_blank\">Multimodale Interaktive Assistenz zur Erhebung von Patient-Reported Outcome Measures<\/a>\u201c. In Sprachassistenten \u2013 Anwendungen, Implikationen, Entwicklungen, 19\u201321. Regensburg. <br>(Klick auf Link \u00f6ffnet neues Fenster)<\/p>\n\n\n\n<p><\/p>\n<\/div>\n\n\n\n<div class=\"is-layout-flow wp-block-column is-vertically-aligned-top\" style=\"flex-basis:650px\">\n<p> <\/p>\n\n\n\n<h3 class=\"has-text-align-left\"><strong>Vortr\u00e4ge und Poster<\/strong><\/h3>\n\n\n\n<hr class=\"wp-block-separator has-alpha-channel-opacity\"\/>\n\n\n\n<p><strong>Conference talk |&nbsp;25.3.2026<\/strong><br>Wer profitiert von KI-gest\u00fctzter PROM-Erhebung? Eine Mixed-Methods-Cluster-Typologie zu Barrieren und Nutzen. | 35. Rehabilitationswissenschaftliches Kolloquium 24.3.2026-26.3.2026, Leipzig, Marquardt M, Graf P, Jung L, Laske, L, Therstappen E, Lindenberg R.<\/p>\n\n\n\n<p><strong>Conference talk |&nbsp;25.3.2026<\/strong><br>Wie viel K\u00f6rper braucht Sprachassistenz? Empirische Evidenz aus einer Feldstudie zur PROM-Erhebung. | 35. Rehabilitationswissenschaftliches Kolloquium 24.3.2026-26.3.2026, Leipzig, Graf P, Marquardt M.<\/p>\n\n\n\n<p><strong>Conference talk |&nbsp;13.11.2025<\/strong><br>&#8220;Zwischen Partizipation und Reproduktion \u2013<br>Der Weg von der mechanomorphen Vision<br>zum vergeschlechtlichten Roboter&#8221;, PartWiss 2025 Konferenz, Panel: Partizipative und transdisziplin\u00e4re Roboterentwicklung \u2013 Formate, Herausforderungen und Impulse f\u00fcr Forschung und Praxis, Leipzig, 12.-14.11.2025, Graf, P. &amp; Marquardt, M.<\/p>\n\n\n\n<p><strong>Poster | 28.6.2025<\/strong><br>&#8220;<a href=\"https:\/\/mia-prom.de\/wp-content\/uploads\/2025\/10\/2025_MIA-PROM-LNDW-Poster_Final.pdf\">Nutzungserfahrung von Kindern und Jugendlichen mit einem multimodalen, interaktiven System zur digitalen Erfassung von patient-reported outcomes (PROs)<\/a>&#8221; auf dem DGKJ-Kongress f\u00fcr Kinder und Jugendmedizin 24\u201327.9.2025 in Leipzig, Manuela Marquardt, Sara Giolo, Diego Compagna, Philipp Graf, Stefan Hillmann, Philipp Harnisch, Jan-Niklas Voigt-Antons, Navid Ashrafi, Magdalena Balcerek<\/p>\n\n\n\n<p><strong>Panel organisation |&nbsp;26.9.2025<\/strong><br>&#8220;Von der Intervention zur Pr\u00e4vention. Transitionen in der<br>Gesundheitsversorgung&#8221;, Ad-hoc-Gruppe (AdH100) auf dem 42. Kongress Deutsche Gesellschaft f\u00fcr Soziologie, Duisburg, 22\u201326.9.2025, Andreas Wagenknecht, Maike Janssen, Manuela Marquardt, Philipp Graf<\/p>\n\n\n\n<p><strong>Poster | 28.6.2025<\/strong><br>&#8220;<a href=\"https:\/\/mia-prom.de\/wp-content\/uploads\/2025\/09\/2025_MIA-PROM-LNDW-Poster.pdf\" data-type=\"attachment\" data-id=\"1760\">Multimodale Interaktive Assistenz f\u00fcr die Erhebung von Patient-Reported Outcome Measures<\/a>&#8220;, Lange Nacht der Wissenschaften 2025, Berlin, Hillmann, S., Harnisch, P., Voigt-Antons, J.-N., Ashrafi, N., Marquardt, M. &amp; Graf, P.<\/p>\n\n\n\n<p><strong>Conference talk |&nbsp;19.3.2025<\/strong> <br>KI-gest\u00fctztes Assistenzsystem zur Unterst\u00fctzung von Patient:innen bei der PROMs-Erhebung: Barrieren \u00fcberwinden, Datenqualit\u00e4t verbessern. 34. Rehabilitationswissenschaftliches Kolloquium, N\u00fcrnberg, 18.-20.03.2025, Marquardt M. &amp; Graf, P.<\/p>\n\n\n\n<p><strong>Poster presentation | 7.3.2025<\/strong><br>&#8220;<a rel=\"noreferrer noopener\" href=\"https:\/\/mia-prom.de\/wp-content\/uploads\/2025\/03\/2025_PD-in-MIAPROM_Final_A0-1.jpg\" target=\"_blank\">Zwischen Participatory- und Co-Design \u2013&nbsp;Transdisziplin\u00e4re Entwicklung eines Sprachassistenzsystems f\u00fcr die Erhebung von Gesundheitsdaten<\/a>\u201c at Berliner Werkstatt f\u00fcr Partizipation 2025, 7.3.2025, Berlin,<em><em> Philipp Graf, Manuela Marquardt<\/em>, Beate Detlefs, Maren Dr\u00fcmmer, Marianne Kaltenborn, Peter Purucker<\/em><\/p>\n\n\n\n<p><strong>Conference talk | 16.7.2024<\/strong><br>&#8220;Translocally Embodied Minds Artifical Agents and the Challenge to Representation&#8221; at EASST\/4S Conference 2024, Amsterdam, Netherlands, 16. \u2013 19.7.24, <em><em><em>Philipp Graf &amp; Manuela Marquardt<\/em><\/em>.<\/em><\/p>\n\n\n\n<p><strong>Conference talk | 17.7.2024<\/strong><br>&#8220;<a rel=\"noreferrer noopener\" href=\"https:\/\/tubcloud.tu-berlin.de\/s\/8SygrSYf9STD32r\" target=\"_blank\">On the use of videography in HRI \u2013 A contribution of STS methodology to empirical research of social robots<\/a>&#8221; at EASST\/4S Conference 2024, Amsterdam, Netherlands, 16. \u2013 19.7.24, <em>Philipp Graf with Arne Maibaum.<\/em><br>(Klick auf Link \u00f6ffnet preprint Version der zugeh\u00f6rigen Sammelband-Publikation)<\/p>\n\n\n\n<p><strong>Poster presentation | 15.2.2024<\/strong><br>\u201c<a rel=\"noreferrer noopener\" href=\"https:\/\/mia-prom.de\/wp-content\/uploads\/2024\/02\/MIA-PROMCareTechConf-2024_FIN.png\" target=\"_blank\">Trusting robots &amp; avatars<\/a> \u2014 A model of trust building dynamics with embodied artificial agents\u201d at International Conference &#8220;Trusting in Care Technology or Reliance on Socio-technical Constellation?&#8221;, 15.\/16.2.2024, Delmenhorst,<em><em> Philipp Graf &amp; Manuela Marquardt<\/em><\/em>.<br>(Klick auf Link \u00f6ffnet neue Registerkarte)<\/p>\n\n\n\n<p><strong>Conference talk | 24.11.2023<\/strong><br>\u201c<a rel=\"noreferrer noopener\" href=\"https:\/\/mia-prom.de\/wp-content\/uploads\/2024\/03\/2023_PartWiss_Beziehungsarbeit-in-partizipativen-Forschungskontexten_FIN_kleiner.pdf\" target=\"_blank\">Beziehungsarbeit in partizipativen Forschungskontexten \u2013 L\u00f6sung oder Folgeproblem?<\/a>\u201d | PartWiss Conference 2023, Chemnitz, Germany, 23. \u2013 24.11.23, <em>Philipp Graf &amp; Manuela Marquardt.<\/em><br>(Klick auf Link \u00f6ffnet neues Fenster)<\/p>\n\n\n\n<p><strong>Invited talk | 18.10.2023<\/strong><br>\u201cPotenziale, Barrieren und technik-assistierte L\u00f6sungsans\u00e4tze bei der Erhebung von Patient-Reported Outcome Measures (PROMs)\u201d | Forschungskolloquium P.A.N. Zentrum,<em> Manuela Marquardt &amp; Philipp Graf.<\/em><br><br><strong>Invited talk | 7.09.2023<\/strong><br>\u201cMultimodale interaktive Assistenz zur digitalen Erhebung von Patient-Reported Outcome Measures\u201d | AG Forschung Berliner Schlaganfall-Allianz, Technische Universit\u00e4t Berlin.<em> Manuela Marquardt &amp; Philipp Graf.<\/em><\/p>\n\n\n\n<h2>Presse<\/h2>\n\n\n\n<p><strong>Management &amp; Krankenhaus |&nbsp;31.8.2025<\/strong><br>&#8220;<a href=\"https:\/\/www.management-krankenhaus.de\/news\/gesundheitsversorgung-besser-machen-ki-assistenz-statt-fragebogen-kaestchen\">Gesundheitsversorgung besser machen: KI-Assistenz statt Fragebogen-K\u00e4stchen<\/a>&#8220;<\/p>\n<\/div>\n<\/div>\n\n\n\n<p><\/p>\n\n\n\n<p><\/p>\n","protected":false},"excerpt":{"rendered":"<p>Publikationen Conference contribution | 2026Hillmann, S., Harnisch, P., Schuhmann, D., Ashrafi, N., &amp; Voigt-Antons, J.-N. (2026). A Modular Multimodal Dialog Architecture for&nbsp; Digital PROM Collection. Conference on Electronic Speech Signal Processing 2026 (ESSV 2026). Journal article | 2026Ashrafi, N., Graf, P., Marquardt, M., Harnisch, P., Hillmann, S., Ploner, N., Compagna, D., Cirit, E., Papst, L.,&hellip;&nbsp;<a href=\"https:\/\/mia-prom.de\/?page_id=1292\" class=\"\" rel=\"bookmark\">Weiterlesen &raquo;<span class=\"screen-reader-text\">Publikationen<\/span><\/a><\/p>\n","protected":false},"author":4,"featured_media":0,"parent":0,"menu_order":0,"comment_status":"closed","ping_status":"closed","template":"","meta":{"neve_meta_sidebar":"default","neve_meta_container":"","neve_meta_enable_content_width":"on","neve_meta_content_width":100,"neve_meta_title_alignment":"left","neve_meta_author_avatar":"","neve_post_elements_order":"","neve_meta_disable_header":"","neve_meta_disable_footer":"","neve_meta_disable_title":"on","_themeisle_gutenberg_block_has_review":false,"_ti_tpc_template_sync":false,"_ti_tpc_template_id":""},"_links":{"self":[{"href":"https:\/\/mia-prom.de\/index.php?rest_route=\/wp\/v2\/pages\/1292"}],"collection":[{"href":"https:\/\/mia-prom.de\/index.php?rest_route=\/wp\/v2\/pages"}],"about":[{"href":"https:\/\/mia-prom.de\/index.php?rest_route=\/wp\/v2\/types\/page"}],"author":[{"embeddable":true,"href":"https:\/\/mia-prom.de\/index.php?rest_route=\/wp\/v2\/users\/4"}],"replies":[{"embeddable":true,"href":"https:\/\/mia-prom.de\/index.php?rest_route=%2Fwp%2Fv2%2Fcomments&post=1292"}],"version-history":[{"count":47,"href":"https:\/\/mia-prom.de\/index.php?rest_route=\/wp\/v2\/pages\/1292\/revisions"}],"predecessor-version":[{"id":1799,"href":"https:\/\/mia-prom.de\/index.php?rest_route=\/wp\/v2\/pages\/1292\/revisions\/1799"}],"wp:attachment":[{"href":"https:\/\/mia-prom.de\/index.php?rest_route=%2Fwp%2Fv2%2Fmedia&parent=1292"}],"curies":[{"name":"wp","href":"https:\/\/api.w.org\/{rel}","templated":true}]}}