{"id":23,"date":"2023-01-23T10:04:49","date_gmt":"2023-01-23T09:04:49","guid":{"rendered":"https:\/\/vm002.qu.tu-berlin.de\/?page_id=23"},"modified":"2024-02-23T01:14:54","modified_gmt":"2024-02-23T00:14:54","slug":"projects","status":"publish","type":"page","link":"https:\/\/mia-prom.de\/?page_id=23","title":{"rendered":"Projekt"},"content":{"rendered":"\n<div class=\"wp-block-cover alignfull is-light\" style=\"min-height:392px\"><span aria-hidden=\"true\" class=\"wp-block-cover__background has-nv-light-bg-background-color has-background-dim-20 has-background-dim\"><\/span><img width=\"2100\" height=\"1400\" src=\"https:\/\/mia-prom.de\/wp-content\/uploads\/2023\/03\/miaprom-headerbild.jpg\" class=\"wp-block-cover__image-background wp-post-image\" alt=\"\" decoding=\"async\" loading=\"lazy\" data-object-fit=\"cover\" data-object-position=\"70% 70%\" style=\"object-position: 70% 70%\" srcset=\"https:\/\/mia-prom.de\/wp-content\/uploads\/2023\/03\/miaprom-headerbild.jpg 2100w, https:\/\/mia-prom.de\/wp-content\/uploads\/2023\/03\/miaprom-headerbild-300x200.jpg 300w, https:\/\/mia-prom.de\/wp-content\/uploads\/2023\/03\/miaprom-headerbild-1024x683.jpg 1024w, https:\/\/mia-prom.de\/wp-content\/uploads\/2023\/03\/miaprom-headerbild-768x512.jpg 768w, https:\/\/mia-prom.de\/wp-content\/uploads\/2023\/03\/miaprom-headerbild-1536x1024.jpg 1536w, https:\/\/mia-prom.de\/wp-content\/uploads\/2023\/03\/miaprom-headerbild-2048x1365.jpg 2048w, https:\/\/mia-prom.de\/wp-content\/uploads\/2023\/03\/miaprom-headerbild-930x620.jpg 930w\" sizes=\"(max-width: 2100px) 100vw, 2100px\" \/><div class=\"wp-block-cover__inner-container\">\n<div class=\"is-layout-flex wp-container-2 wp-block-columns alignwide\">\n<div class=\"is-layout-flow wp-block-column is-vertically-aligned-center\" style=\"flex-basis:66.66%\">\n<h2 class=\"has-text-align-left has-neve-text-color-color has-text-color has-x-large-font-size\">KI-gest\u00fctztes System f\u00fcr die Erfassung von GEsundheitsdaten<\/h2>\n<\/div>\n<\/div>\n<\/div><\/div>\n\n\n\n<div class=\"is-layout-flow wp-block-group alignfull has-background\" style=\"background-color:#f2f0e9\"><div class=\"wp-block-group__inner-container\">\n<div style=\"height:70px\" aria-hidden=\"true\" class=\"wp-block-spacer\"><\/div>\n\n\n\n<div class=\"is-layout-flex wp-container-5 wp-block-columns alignwide are-vertically-aligned-center\">\n<div class=\"is-layout-flow wp-block-column\" style=\"flex-basis:50%\">\n<p class=\"has-text-color\" style=\"color:#000000;font-size:30px;line-height:1.1\"><strong>Projektbeschreibung<\/strong><\/p>\n<\/div>\n\n\n\n<div class=\"is-layout-flow wp-block-column\" style=\"flex-basis:50%\">\n<hr class=\"wp-block-separator has-text-color has-css-opacity has-background is-style-wide\" style=\"background-color:#000000;color:#000000\"\/>\n<\/div>\n<\/div>\n\n\n\n<div class=\"is-layout-flex wp-container-9 wp-block-columns alignwide\">\n<div class=\"is-layout-flow wp-block-column\">\n<p>F\u00fcr die Evaluation bew\u00e4hrter, aber vor allem auch neuer Behandlungsmethoden im klinischen Alltag werden detaillierte Daten \u00fcber den Verlauf von medizinischen Behandlungen ben\u00f6tigt. Eine vielversprechende Methode, um diese Daten zu generieren, sind sogenannte<strong> patient-reported outcome measures (PROMs)<\/strong>. Diese von Patient*innen berichteten Angaben zum Gesundheitsstatus und Behandlungserfolg zeichnen sich dadurch aus, dass sie den subjektiven Eindruck des Gesundheitsstatus einer oder eines Patienten erfassen und damit eine patient*innenzentrierte Erg\u00e4nzung der diagnostischen Perspektive bilden. Dazu werden sowohl zu Beginn als auch zum Ende einer Behandlung konkrete Fragen zu Gesundheit, aber auch den Lebensumst\u00e4nden gestellt \u2013 \u00e4hnlich wie bei der \u00e4rztlichen Anamnese und Katamnese also, nur dass die Einsch\u00e4tzung nicht durch \u00e4rztliches Fachpersonal, sondern in Form eines Fragebogens vorgenommen wird. Aus diesen Daten k\u00f6nnen dann Aussagen zur Qualit\u00e4t bestimmter Behandlungsformen abgeleitet und die medizinische Versorgung somit verbessert werden.<\/p>\n\n\n\n<p>Ein Problem, was dabei jedoch oftmals auftritt, ist der sogenannte fehlende R\u00fccklauf, der sich negativ auf die Qualit\u00e4t der Daten auswirkt: Nicht alle Behandelten k\u00f6nnen oder wollen die Frageb\u00f6gen ausf\u00fcllen, scheitern an Sprachbarrieren oder haben Verst\u00e4ndnisschwierigkeiten, was die Vergleichbarkeit der Daten beeintr\u00e4chtigt. Insbesondere fehlen dadurch auch Daten von denjenigen Personengruppen, die meist sowieso schon benachteiligt sind, wie etwa von \u00e4lteren Menschen oder Personen mit Einschr\u00e4nkungen.<\/p>\n<\/div>\n\n\n\n<div class=\"is-layout-flow wp-block-column\">\n<p class=\"has-text-color has-extra-small-font-size\" style=\"color:#000000\">Die Gr\u00fcnde sind vielf\u00e4ltig, manchmal liegt dies an der Motivation, \u00f6fter aber auch einfach nur an dem fehlenden Verst\u00e4ndnis zu einzelnen Fachbegriffen oder Zusammenh\u00e4ngen \u2013&nbsp;wie etwa auch dem Zweck der Erhebung an sich. Daher wird das Ausf\u00fcllen dieser Frageb\u00f6gen oftmals vom Klinikpersonal begleitet, was eine personelle Mehrbelastung darstellt und zudem im Prozess nicht standardisiert vorgesehen ist.<\/p>\n\n\n\n<p>Das Projekt MIA-PROM m\u00f6chte dieses Problem adressieren und hat sich vorgenommen, eine [M]ultimodale [I]nteraktive [A]ssistenz entwickeln, die Patientinnen und Patienten beim Ausf\u00fcllen der [PROM]-Frageb\u00f6gen unterst\u00fctzt. Das Assistenzsystem soll dabei \u00fcber Fachbegriffe informieren, auf Nachfragen reagieren k\u00f6nnen und Patient*innen zur vollst\u00e4ndigen Teilnahme motivieren. Ein zentraler Punkt ist zudem die Barrierefreiheit, die das Assistenzsystem erm\u00f6glichen soll, indem es Fragen vorlesen und gegebenenfalls in einfache Sprache \u00fcbersetzen kann. Das Assistenzsystem soll zudem in Form eines kleinen Agenten sichtbar und dadurch besser ansprechbar sein \u2013 auf diese Weise hoffen wir, das Assistenzsystem sozialer gestalten und die Akzeptanz erh\u00f6hen zu k\u00f6nnen.&nbsp;<\/p>\n<\/div>\n\n\n\n<div class=\"is-layout-flow wp-block-column\">\n<p>Sozialwissenschaftlich von Interesse ist f\u00fcr uns die Frage, ob es f\u00fcr die Datenerhebung von Vorteil ist, wenn der Agent als kleiner Roboter gestaltet ist oder aber ob eine virtuelle Form \u2013 als Avatar auf dem Bildschirm \u2013 denselben Effekt auf die Qualit\u00e4t der Daten hat.<\/p>\n\n\n\n<p>Das Projekt verfolgt einen partizipativen Ansatz \u2013 das hei\u00dft, dass zentrale und sensible Entscheidungen der Gestaltung des Assistenzsystems in engem Austausch mit einem Patient*innenbeirat diskutiert und getroffen werden. F\u00fcr diese Zusammenarbeit sind vier Workshoptermine vorgesehen, bei denen der Patient*innenbeirat&nbsp; \u2013 methodisch angeleitet \u2013 an dem Entscheidungsprozess beteiligt wird. Das Sprachmodul des Assistenzsystems wird mit Methoden der k\u00fcnstlichen Intelligenz entwickelt und soll auch in einer l\u00e4ngeren Praxistestphase fortw\u00e4hrend an der Interaktion mit Patient*innen dazulernen.<\/p>\n\n\n\n<p>Das Projekt wird in einem Konsortium bestehend aus der Hochschule M\u00fcnchen, der Charit\u00e9 Berlin, der Technischen Universit\u00e4t Berlin, der Hochschule Hamm-Lippstadt, den beiden Unternehmen Acalta GmbH und dexter health GmbH sowie den beiden Praxispartnern der Rehaklinik Seehof und dem Zentrum f\u00fcr ambulante Rehabilitation Berlin realisiert.&nbsp;<\/p>\n<\/div>\n<\/div>\n\n\n\n<div style=\"height:40px\" aria-hidden=\"true\" class=\"wp-block-spacer\"><\/div>\n<\/div><\/div>\n\n\n\n<div class=\"wp-block-cover alignfull\" style=\"min-height:300px\"><span aria-hidden=\"true\" class=\"wp-block-cover__background has-nv-dark-bg-background-color has-background-dim-100 has-background-dim\"><\/span><div class=\"wp-block-cover__inner-container\">\n<div style=\"height:140px\" aria-hidden=\"true\" class=\"wp-block-spacer\"><\/div>\n\n\n\n<h2 class=\"has-text-align-center has-nv-text-dark-bg-color has-text-color\">Sprechen Sie uns an<\/h2>\n\n\n\n<p class=\"has-text-align-center has-medium-font-size\">Wir freuen uns \u00fcber Ihre Fragen und Interesse an unserem Projekt.<\/p>\n\n\n\n<div class=\"is-content-justification-center is-layout-flex wp-container-11 wp-block-buttons\">\n<div class=\"wp-block-button is-style-primary\"><a class=\"wp-block-button__link wp-element-button\" href=\"https:\/\/vm002.qu.tu-berlin.de\/?page_id=26\">Zum allgemeinen Kontaktformular<\/a><\/div>\n<\/div>\n\n\n\n<div style=\"height:140px\" aria-hidden=\"true\" class=\"wp-block-spacer\"><\/div>\n<\/div><\/div>\n","protected":false},"excerpt":{"rendered":"<p>Projektbeschreibung F\u00fcr die Evaluation bew\u00e4hrter, aber vor allem auch neuer Behandlungsmethoden im klinischen Alltag werden detaillierte Daten \u00fcber den Verlauf von medizinischen Behandlungen ben\u00f6tigt. Eine vielversprechende Methode, um diese Daten zu generieren, sind sogenannte patient-reported outcome measures (PROMs). Diese von Patient*innen berichteten Angaben zum Gesundheitsstatus und Behandlungserfolg zeichnen sich dadurch aus, dass sie den subjektiven&hellip;&nbsp;<a href=\"https:\/\/mia-prom.de\/?page_id=23\" class=\"\" rel=\"bookmark\">Weiterlesen &raquo;<span class=\"screen-reader-text\">Projekt<\/span><\/a><\/p>\n","protected":false},"author":3,"featured_media":308,"parent":0,"menu_order":0,"comment_status":"closed","ping_status":"closed","template":"","meta":{"neve_meta_sidebar":"","neve_meta_container":"","neve_meta_enable_content_width":"on","neve_meta_content_width":100,"neve_meta_title_alignment":"","neve_meta_author_avatar":"","neve_post_elements_order":"","neve_meta_disable_header":"","neve_meta_disable_footer":"","neve_meta_disable_title":"on","_themeisle_gutenberg_block_has_review":false,"_ti_tpc_template_sync":false,"_ti_tpc_template_id":""},"_links":{"self":[{"href":"https:\/\/mia-prom.de\/index.php?rest_route=\/wp\/v2\/pages\/23"}],"collection":[{"href":"https:\/\/mia-prom.de\/index.php?rest_route=\/wp\/v2\/pages"}],"about":[{"href":"https:\/\/mia-prom.de\/index.php?rest_route=\/wp\/v2\/types\/page"}],"author":[{"embeddable":true,"href":"https:\/\/mia-prom.de\/index.php?rest_route=\/wp\/v2\/users\/3"}],"replies":[{"embeddable":true,"href":"https:\/\/mia-prom.de\/index.php?rest_route=%2Fwp%2Fv2%2Fcomments&post=23"}],"version-history":[{"count":31,"href":"https:\/\/mia-prom.de\/index.php?rest_route=\/wp\/v2\/pages\/23\/revisions"}],"predecessor-version":[{"id":1259,"href":"https:\/\/mia-prom.de\/index.php?rest_route=\/wp\/v2\/pages\/23\/revisions\/1259"}],"wp:featuredmedia":[{"embeddable":true,"href":"https:\/\/mia-prom.de\/index.php?rest_route=\/wp\/v2\/media\/308"}],"wp:attachment":[{"href":"https:\/\/mia-prom.de\/index.php?rest_route=%2Fwp%2Fv2%2Fmedia&parent=23"}],"curies":[{"name":"wp","href":"https:\/\/api.w.org\/{rel}","templated":true}]}}